{"id":62,"date":"2023-03-05T18:32:06","date_gmt":"2023-03-05T17:32:06","guid":{"rendered":"https:\/\/aglen.pl\/?page_id=62"},"modified":"2023-03-14T09:39:23","modified_gmt":"2023-03-14T08:39:23","slug":"rzeczoznawstwo","status":"publish","type":"page","link":"https:\/\/aglen.pl\/?page_id=62","title":{"rendered":"Rzeczoznawstwo"},"content":{"rendered":"\t\t<div data-elementor-type=\"wp-page\" data-elementor-id=\"62\" class=\"elementor elementor-62\">\n\t\t\t\t\t\t\t\t\t<section class=\"elementor-section elementor-top-section elementor-element elementor-element-f3f1d21 elementor-section-boxed elementor-section-height-default elementor-section-height-default\" data-id=\"f3f1d21\" data-element_type=\"section\">\n\t\t\t\t\t\t<div class=\"elementor-container elementor-column-gap-default\">\n\t\t\t\t\t<div class=\"elementor-column elementor-col-100 elementor-top-column elementor-element elementor-element-a9f663a\" data-id=\"a9f663a\" data-element_type=\"column\">\n\t\t\t<div class=\"elementor-widget-wrap elementor-element-populated\">\n\t\t\t\t\t\t\t\t<div class=\"elementor-element elementor-element-af68498 elementor-widget elementor-widget-text-editor\" data-id=\"af68498\" data-element_type=\"widget\" data-widget_type=\"text-editor.default\">\n\t\t\t\t<div class=\"elementor-widget-container\">\n\t\t\t<style>\/*! elementor - v3.11.2 - 22-02-2023 *\/\n.elementor-widget-text-editor.elementor-drop-cap-view-stacked .elementor-drop-cap{background-color:#818a91;color:#fff}.elementor-widget-text-editor.elementor-drop-cap-view-framed .elementor-drop-cap{color:#818a91;border:3px solid;background-color:transparent}.elementor-widget-text-editor:not(.elementor-drop-cap-view-default) .elementor-drop-cap{margin-top:8px}.elementor-widget-text-editor:not(.elementor-drop-cap-view-default) .elementor-drop-cap-letter{width:1em;height:1em}.elementor-widget-text-editor .elementor-drop-cap{float:left;text-align:center;line-height:1;font-size:50px}.elementor-widget-text-editor .elementor-drop-cap-letter{display:inline-block}<\/style>\t\t\t\t<p><strong><span style=\"font-size: 12.0pt; line-height: 150%; font-family: 'Californian FB',serif; mso-fareast-font-family: 'Times New Roman'; mso-bidi-font-family: Arial; color: #222222; mso-fareast-language: PL;\">Jestem ekspertem w obszarze instalacji elektrycznych i niskonapi\u0119<\/span><\/strong><span style=\"font-size: 12.0pt; line-height: 150%; font-family: 'Californian FB',serif; mso-fareast-font-family: 'Times New Roman'; mso-bidi-font-family: Arial; color: #222222; mso-fareast-language: PL;\"><strong>ciowych.<\/strong><br><\/span><span style=\"background-color: var(--dt-whi-color); font-size: 12pt; letter-spacing: 0.01em; line-height: 150%; font-family: 'Californian FB', serif; color: #222222;\">Cz\u0142onkiem, a zarazem Rzeczoznawc\u0105<\/span><span style=\"background-color: var(--dt-whi-color); font-size: 12pt; letter-spacing: 0.01em; line-height: 150%; font-family: 'Californian FB', serif; color: #222222;\">&nbsp;Stowarzyszenia Normatyw oraz Wojew<\/span><span style=\"background-color: var(--dt-whi-color); font-size: 12pt; letter-spacing: 0.01em; line-height: 150%; font-family: 'Californian FB', serif; color: #222222;\">\u00f3<\/span><span style=\"background-color: var(--dt-whi-color); font-size: 12pt; letter-spacing: 0.01em; line-height: 150%; font-family: 'Californian FB', serif; color: #222222;\">dzkiego Inspektoratu Inspekcji Handlowej w swojej specjalizacji.<br><\/span><span style=\"background-color: var(--dt-whi-color); font-size: 12pt; letter-spacing: 0.01em; line-height: 150%; font-family: 'Californian FB', serif; color: #222222;\">Je\u017c<\/span><span style=\"background-color: var(--dt-whi-color); font-size: 12pt; letter-spacing: 0.01em; line-height: 150%; font-family: 'Californian FB', serif; color: #222222;\">eli chcia<\/span><span style=\"background-color: var(--dt-whi-color); font-size: 12pt; letter-spacing: 0.01em; line-height: 150%; font-family: 'Californian FB', serif; color: #222222;\">\u0142<\/span><span style=\"background-color: var(--dt-whi-color); font-size: 12pt; letter-spacing: 0.01em; line-height: 150%; font-family: 'Californian FB', serif; color: #222222;\">by\u015b<\/span><span style=\"background-color: var(--dt-whi-color); font-size: 12pt; letter-spacing: 0.01em; line-height: 150%; font-family: 'Californian FB', serif; color: #222222;\">&nbsp;wiedzie\u0107<\/span><span style=\"background-color: var(--dt-whi-color); font-size: 12pt; letter-spacing: 0.01em; line-height: 150%; font-family: 'Californian FB', serif; color: #222222;\">&nbsp;czy prace w zakresie wewn\u0119<\/span><span style=\"background-color: var(--dt-whi-color); font-size: 12pt; letter-spacing: 0.01em; line-height: 150%; font-family: 'Californian FB', serif; color: #222222;\">trznych i zewn\u0119<\/span><span style=\"background-color: var(--dt-whi-color); font-size: 12pt; letter-spacing: 0.01em; line-height: 150%; font-family: 'Californian FB', serif; color: #222222;\">trznych instalacji elektrycznych w budynkach mieszkalnych i u\u017c<\/span><span style=\"background-color: var(--dt-whi-color); font-size: 12pt; letter-spacing: 0.01em; line-height: 150%; font-family: 'Californian FB', serif; color: #222222;\">yteczno\u015b<\/span><span style=\"background-color: var(--dt-whi-color); font-size: 12pt; letter-spacing: 0.01em; line-height: 150%; font-family: 'Californian FB', serif; color: #222222;\">ci publicznej, instalacji odgromowej jak i instalacji o\u015b<\/span><span style=\"background-color: var(--dt-whi-color); font-size: 12pt; letter-spacing: 0.01em; line-height: 150%; font-family: 'Californian FB', serif; color: #222222;\">wietlenia awaryjnego, s\u0105<\/span><span style=\"background-color: var(--dt-whi-color); font-size: 12pt; letter-spacing: 0.01em; line-height: 150%; font-family: 'Californian FB', serif; color: #222222;\">&nbsp;zgodne z obowi\u0105<\/span><span style=\"background-color: var(--dt-whi-color); font-size: 12pt; letter-spacing: 0.01em; line-height: 150%; font-family: 'Californian FB', serif; color: #222222;\">zuj\u0105<\/span><span style=\"background-color: var(--dt-whi-color); font-size: 12pt; letter-spacing: 0.01em; line-height: 150%; font-family: 'Californian FB', serif; color: #222222;\">cymi normami to dobrze trafi\u0142e\u015b<\/span><span style=\"background-color: var(--dt-whi-color); font-size: 12pt; letter-spacing: 0.01em; line-height: 150%; font-family: 'Californian FB', serif; color: #222222;\">.<br><\/span><span style=\"background-color: var(--dt-whi-color); font-size: 12pt; letter-spacing: 0.01em; line-height: 150%; font-family: 'Californian FB', serif; color: #222222;\">Ch\u0119<\/span><span style=\"background-color: var(--dt-whi-color); font-size: 12pt; letter-spacing: 0.01em; line-height: 150%; font-family: 'Californian FB', serif; color: #222222;\">tnie pomog\u0119<\/span><span style=\"background-color: var(--dt-whi-color); font-size: 12pt; letter-spacing: 0.01em; line-height: 150%; font-family: 'Californian FB', serif; color: #222222;\">&nbsp;wykonawc\u0105<\/span><span style=\"background-color: var(--dt-whi-color); font-size: 12pt; letter-spacing: 0.01em; line-height: 150%; font-family: 'Californian FB', serif; color: #222222;\">&nbsp;jak i inwestorom w rozwi\u0105<\/span><span style=\"background-color: var(--dt-whi-color); font-size: 12pt; letter-spacing: 0.01em; line-height: 150%; font-family: 'Californian FB', serif; color: #222222;\">zywaniu problem\u00f3w z dziedziny elektryki. Doradz\u0119<\/span><span style=\"background-color: var(--dt-whi-color); font-size: 12pt; letter-spacing: 0.01em; line-height: 150%; font-family: 'Californian FB', serif; color: #222222;\">&nbsp;jak post\u0119<\/span><span style=\"background-color: var(--dt-whi-color); font-size: 12pt; letter-spacing: 0.01em; line-height: 150%; font-family: 'Californian FB', serif; color: #222222;\">powa\u0107<\/span><span style=\"background-color: var(--dt-whi-color); font-size: 12pt; letter-spacing: 0.01em; line-height: 150%; font-family: 'Californian FB', serif; color: #222222;\">&nbsp;w monecie sporu. Pomog\u0119<\/span><span style=\"background-color: var(--dt-whi-color); font-size: 12pt; letter-spacing: 0.01em; line-height: 150%; font-family: 'Californian FB', serif; color: #222222;\">&nbsp;w mediacji, kt\u00f3ra ma umo\u017c<\/span><span style=\"background-color: var(--dt-whi-color); font-size: 12pt; letter-spacing: 0.01em; line-height: 150%; font-family: 'Californian FB', serif; color: #222222;\">liwi\u0107<\/span><span style=\"background-color: var(--dt-whi-color); font-size: 12pt; letter-spacing: 0.01em; line-height: 150%; font-family: 'Californian FB', serif; color: #222222;\">&nbsp;osi\u0105gni\u0119cie<\/span><span style=\"font-family: var( --e-global-typography-text-font-family ), Sans-serif; background-color: var(--dt-whi-color); font-size: 12pt; letter-spacing: 0.01em; line-height: 150%; color: #222222;\">&nbsp;<\/span><span style=\"background-color: var(--dt-whi-color); font-size: 12pt; letter-spacing: 0.01em; line-height: 150%; font-family: 'Californian FB', serif; color: #222222;\">porozumienia, poprzez doj\u015b<\/span><span style=\"background-color: var(--dt-whi-color); font-size: 12pt; letter-spacing: 0.01em; line-height: 150%; font-family: 'Californian FB', serif; color: #222222;\">cie do kompromisu przez dwie sk\u0142\u00f3cone strony. W trakcie procesu mediacji to poro\u017c<\/span><span style=\"background-color: var(--dt-whi-color); font-size: 12pt; letter-spacing: 0.01em; line-height: 150%; font-family: 'Californian FB', serif; color: #222222;\">nione strony dochodz\u0105<\/span><span style=\"background-color: var(--dt-whi-color); font-size: 12pt; letter-spacing: 0.01em; line-height: 150%; font-family: 'Californian FB', serif; color: #222222;\">&nbsp;<br>do ugody co uwa\u017c<\/span><span style=\"background-color: var(--dt-whi-color); font-size: 12pt; letter-spacing: 0.01em; line-height: 150%; font-family: 'Californian FB', serif; color: #222222;\">a si\u0119<\/span><span style=\"background-color: var(--dt-whi-color); font-size: 12pt; letter-spacing: 0.01em; line-height: 150%; font-family: 'Californian FB', serif; color: #222222;\">&nbsp;za procedur\u0119<\/span><span style=\"background-color: var(--dt-whi-color); font-size: 12pt; letter-spacing: 0.01em; line-height: 150%; font-family: 'Californian FB', serif; color: #222222;\">&nbsp;sprawniejsz\u0105<\/span><span style=\"background-color: var(--dt-whi-color); font-size: 12pt; letter-spacing: 0.01em; line-height: 150%; font-family: 'Californian FB', serif; color: #222222;\">, o wiele ta\u0144<\/span><span style=\"background-color: var(--dt-whi-color); font-size: 12pt; letter-spacing: 0.01em; line-height: 150%; font-family: 'Californian FB', serif; color: #222222;\">sz\u0105<\/span><span style=\"background-color: var(--dt-whi-color); font-size: 12pt; letter-spacing: 0.01em; line-height: 150%; font-family: 'Californian FB', serif; color: #222222;\">&nbsp;oraz efektywniejsz\u0105<\/span><span style=\"background-color: var(--dt-whi-color); font-size: 12pt; letter-spacing: 0.01em; line-height: 150%; font-family: 'Californian FB', serif; color: #222222;\">&nbsp;ni\u017c<\/span><span style=\"background-color: var(--dt-whi-color); font-size: 12pt; letter-spacing: 0.01em; line-height: 150%; font-family: 'Californian FB', serif; color: #222222;\">&nbsp;tradycyjne post\u0119<\/span><span style=\"background-color: var(--dt-whi-color); font-size: 12pt; letter-spacing: 0.01em; line-height: 150%; font-family: 'Californian FB', serif; color: #222222;\">powanie s\u0105<\/span><span style=\"background-color: var(--dt-whi-color); font-size: 12pt; letter-spacing: 0.01em; line-height: 150%; font-family: 'Californian FB', serif; color: #222222;\">dowe.<\/span><\/p>\n<p class=\"MsoNormal\" style=\"margin-bottom: 0cm; line-height: 150%;\"><span style=\"font-size: 12.0pt; line-height: 150%; font-family: 'Californian FB',serif; mso-fareast-font-family: 'Times New Roman'; mso-bidi-font-family: Arial; color: #222222; mso-fareast-language: PL;\">Jestem tutaj aby pom\u00f3c, zapraszam do kontaktu.<\/span><\/p>\t\t\t\t\t\t<\/div>\n\t\t\t\t<\/div>\n\t\t\t\t\t<\/div>\n\t\t<\/div>\n\t\t\t\t\t\t\t<\/div>\n\t\t<\/section>\n\t\t\t\t<section class=\"elementor-section elementor-top-section elementor-element elementor-element-184a2dc elementor-section-boxed elementor-section-height-default elementor-section-height-default\" data-id=\"184a2dc\" data-element_type=\"section\">\n\t\t\t\t\t\t<div class=\"elementor-container elementor-column-gap-default\">\n\t\t\t\t\t<div class=\"elementor-column elementor-col-50 elementor-top-column elementor-element elementor-element-4cce2e9\" data-id=\"4cce2e9\" data-element_type=\"column\">\n\t\t\t<div class=\"elementor-widget-wrap elementor-element-populated\">\n\t\t\t\t\t\t\t\t<div class=\"elementor-element elementor-element-00bad06 elementor-widget elementor-widget-image\" data-id=\"00bad06\" data-element_type=\"widget\" data-widget_type=\"image.default\">\n\t\t\t\t<div class=\"elementor-widget-container\">\n\t\t\t<style>\/*! elementor - v3.11.2 - 22-02-2023 *\/\n.elementor-widget-image{text-align:center}.elementor-widget-image a{display:inline-block}.elementor-widget-image a img[src$=\".svg\"]{width:48px}.elementor-widget-image img{vertical-align:middle;display:inline-block}<\/style>\t\t\t\t\t\t\t\t\t\t\t\t<img loading=\"lazy\" decoding=\"async\" width=\"150\" height=\"150\" src=\"https:\/\/aglen.pl\/wp-content\/uploads\/2023\/03\/tel-150x150.png\" class=\"attachment-thumbnail size-thumbnail wp-image-105\" alt=\"\" srcset=\"https:\/\/aglen.pl\/wp-content\/uploads\/2023\/03\/tel-150x150.png 150w, https:\/\/aglen.pl\/wp-content\/uploads\/2023\/03\/tel-300x300.png 300w, https:\/\/aglen.pl\/wp-content\/uploads\/2023\/03\/tel-1024x1024.png 1024w, https:\/\/aglen.pl\/wp-content\/uploads\/2023\/03\/tel-768x768.png 768w, https:\/\/aglen.pl\/wp-content\/uploads\/2023\/03\/tel.png 1200w\" sizes=\"auto, (max-width: 150px) 100vw, 150px\" \/>\t\t\t\t\t\t\t\t\t\t\t\t\t\t\t<\/div>\n\t\t\t\t<\/div>\n\t\t\t\t\t<\/div>\n\t\t<\/div>\n\t\t\t\t<div class=\"elementor-column elementor-col-50 elementor-top-column elementor-element elementor-element-1f2b290\" data-id=\"1f2b290\" data-element_type=\"column\">\n\t\t\t<div class=\"elementor-widget-wrap elementor-element-populated\">\n\t\t\t\t\t\t\t\t<div class=\"elementor-element elementor-element-a23948f elementor-widget elementor-widget-heading\" data-id=\"a23948f\" data-element_type=\"widget\" data-widget_type=\"heading.default\">\n\t\t\t\t<div class=\"elementor-widget-container\">\n\t\t\t<style>\/*! elementor - v3.11.2 - 22-02-2023 *\/\n.elementor-heading-title{padding:0;margin:0;line-height:1}.elementor-widget-heading .elementor-heading-title[class*=elementor-size-]>a{color:inherit;font-size:inherit;line-height:inherit}.elementor-widget-heading .elementor-heading-title.elementor-size-small{font-size:15px}.elementor-widget-heading .elementor-heading-title.elementor-size-medium{font-size:19px}.elementor-widget-heading .elementor-heading-title.elementor-size-large{font-size:29px}.elementor-widget-heading .elementor-heading-title.elementor-size-xl{font-size:39px}.elementor-widget-heading .elementor-heading-title.elementor-size-xxl{font-size:59px}<\/style><h2 class=\"elementor-heading-title elementor-size-default\"><h5 class=\"elementor-heading-title elementor-size-medium elementor-inline-editing pen\" data-elementor-setting-key=\"title\" data-pen-placeholder=\"Pisz tutaj...\" style=\"font-family: var( --e-global-typography-primary-font-family ), Sans-serif; color: rgb(0, 0, 0); font-weight: var( --e-global-typography-primary-font-weight ); -webkit-text-stroke-color: rgb(0, 0, 0); stroke: rgb(0, 0, 0); letter-spacing: 0.16px; text-align: center;\"><p style=\"margin-bottom: 0cm; line-height: 28.5px;\"><span style=\"font-family: var( --e-global-typography-primary-font-family ), Sans-serif; font-weight: var( --e-global-typography-primary-font-weight ); text-align: justify; background-color: var(--dt-whi-color); letter-spacing: 0.01em;\">Potrzebujesz pomocy? ZADZWO\u0143!<\/span><br><\/p><br>723 985 348<\/h5><\/h2>\t\t<\/div>\n\t\t\t\t<\/div>\n\t\t\t\t\t<\/div>\n\t\t<\/div>\n\t\t\t\t\t\t\t<\/div>\n\t\t<\/section>\n\t\t\t\t<section class=\"elementor-section elementor-top-section elementor-element elementor-element-bede2d5 elementor-section-boxed elementor-section-height-default elementor-section-height-default\" data-id=\"bede2d5\" data-element_type=\"section\">\n\t\t\t\t\t\t<div class=\"elementor-container elementor-column-gap-default\">\n\t\t\t\t\t<div class=\"elementor-column elementor-col-100 elementor-top-column elementor-element elementor-element-97da30d\" data-id=\"97da30d\" data-element_type=\"column\">\n\t\t\t<div class=\"elementor-widget-wrap elementor-element-populated\">\n\t\t\t\t\t\t\t\t<div class=\"elementor-element elementor-element-6fbdc6a elementor-widget elementor-widget-spacer\" data-id=\"6fbdc6a\" data-element_type=\"widget\" data-widget_type=\"spacer.default\">\n\t\t\t\t<div class=\"elementor-widget-container\">\n\t\t\t<style>\/*! elementor - v3.11.2 - 22-02-2023 *\/\n.elementor-column .elementor-spacer-inner{height:var(--spacer-size)}.e-con{--container-widget-width:100%}.e-con-inner>.elementor-widget-spacer,.e-con>.elementor-widget-spacer{width:var(--container-widget-width,var(--spacer-size));--align-self:var(--container-widget-align-self,initial);--flex-shrink:0}.e-con-inner>.elementor-widget-spacer>.elementor-widget-container,.e-con-inner>.elementor-widget-spacer>.elementor-widget-container>.elementor-spacer,.e-con>.elementor-widget-spacer>.elementor-widget-container,.e-con>.elementor-widget-spacer>.elementor-widget-container>.elementor-spacer{height:100%}.e-con-inner>.elementor-widget-spacer>.elementor-widget-container>.elementor-spacer>.elementor-spacer-inner,.e-con>.elementor-widget-spacer>.elementor-widget-container>.elementor-spacer>.elementor-spacer-inner{height:var(--container-widget-height,var(--spacer-size))}<\/style>\t\t<div class=\"elementor-spacer\">\n\t\t\t<div class=\"elementor-spacer-inner\"><\/div>\n\t\t<\/div>\n\t\t\t\t<\/div>\n\t\t\t\t<\/div>\n\t\t\t\t\t<\/div>\n\t\t<\/div>\n\t\t\t\t\t\t\t<\/div>\n\t\t<\/section>\n\t\t\t\t\t\t\t<\/div>\n\t\t","protected":false},"excerpt":{"rendered":"<p>Jestem ekspertem w obszarze instalacji elektrycznych i niskonapi\u0119ciowych.Cz\u0142onkiem, a zarazem Rzeczoznawc\u0105&nbsp;Stowarzyszenia Normatyw oraz Wojew\u00f3dzkiego Inspektoratu Inspekcji Handlowej w swojej specjalizacji.Je\u017celi chcia\u0142by\u015b&nbsp;wiedzie\u0107&nbsp;czy prace w zakresie wewn\u0119trznych i zewn\u0119trznych instalacji elektrycznych w budynkach mieszkalnych i u\u017cyteczno\u015bci publicznej, instalacji odgromowej jak i instalacji o\u015bwietlenia awaryjnego, s\u0105&nbsp;zgodne z obowi\u0105zuj\u0105cymi normami to dobrze trafi\u0142e\u015b.Ch\u0119tnie pomog\u0119&nbsp;wykonawc\u0105&nbsp;jak i inwestorom w rozwi\u0105zywaniu problem\u00f3w [&hellip;]<\/p>\n","protected":false},"author":1,"featured_media":0,"parent":0,"menu_order":0,"comment_status":"closed","ping_status":"closed","template":"elementor_header_footer","meta":{"footnotes":""},"class_list":["post-62","page","type-page","status-publish","hentry"],"yoast_head":"<!-- This site is optimized with the Yoast SEO plugin v20.2.1 - https:\/\/yoast.com\/wordpress\/plugins\/seo\/ -->\n<title>Rzeczoznawstwo - Aglen - Tw\u00f3j Elektryk Rzeczoznawca<\/title>\n<meta name=\"robots\" content=\"index, follow, max-snippet:-1, max-image-preview:large, max-video-preview:-1\" \/>\n<link rel=\"canonical\" href=\"https:\/\/aglen.pl\/?page_id=62\" \/>\n<meta property=\"og:locale\" content=\"pl_PL\" \/>\n<meta property=\"og:type\" content=\"article\" \/>\n<meta property=\"og:title\" content=\"Rzeczoznawstwo - Aglen - Tw\u00f3j Elektryk Rzeczoznawca\" \/>\n<meta property=\"og:description\" content=\"Jestem ekspertem w obszarze instalacji elektrycznych i niskonapi\u0119ciowych.Cz\u0142onkiem, a zarazem Rzeczoznawc\u0105&nbsp;Stowarzyszenia Normatyw oraz Wojew\u00f3dzkiego Inspektoratu Inspekcji Handlowej w swojej specjalizacji.Je\u017celi chcia\u0142by\u015b&nbsp;wiedzie\u0107&nbsp;czy prace w zakresie wewn\u0119trznych i zewn\u0119trznych instalacji elektrycznych w budynkach mieszkalnych i u\u017cyteczno\u015bci publicznej, instalacji odgromowej jak i instalacji o\u015bwietlenia awaryjnego, s\u0105&nbsp;zgodne z obowi\u0105zuj\u0105cymi normami to dobrze trafi\u0142e\u015b.Ch\u0119tnie pomog\u0119&nbsp;wykonawc\u0105&nbsp;jak i inwestorom w rozwi\u0105zywaniu problem\u00f3w [&hellip;]\" \/>\n<meta property=\"og:url\" content=\"https:\/\/aglen.pl\/?page_id=62\" \/>\n<meta property=\"og:site_name\" content=\"Aglen - Tw\u00f3j Elektryk Rzeczoznawca\" \/>\n<meta property=\"article:modified_time\" content=\"2023-03-14T08:39:23+00:00\" \/>\n<meta property=\"og:image\" content=\"http:\/\/aglen.pl\/wp-content\/uploads\/2023\/03\/tel-150x150.png\" \/>\n<meta name=\"twitter:card\" content=\"summary_large_image\" \/>\n<meta name=\"twitter:label1\" content=\"Szacowany czas czytania\" \/>\n\t<meta name=\"twitter:data1\" content=\"2 minuty\" \/>\n<script type=\"application\/ld+json\" class=\"yoast-schema-graph\">{\"@context\":\"https:\/\/schema.org\",\"@graph\":[{\"@type\":\"WebPage\",\"@id\":\"https:\/\/aglen.pl\/?page_id=62\",\"url\":\"https:\/\/aglen.pl\/?page_id=62\",\"name\":\"Rzeczoznawstwo - Aglen - Tw\u00f3j Elektryk Rzeczoznawca\",\"isPartOf\":{\"@id\":\"https:\/\/aglen.pl\/#website\"},\"datePublished\":\"2023-03-05T17:32:06+00:00\",\"dateModified\":\"2023-03-14T08:39:23+00:00\",\"breadcrumb\":{\"@id\":\"https:\/\/aglen.pl\/?page_id=62#breadcrumb\"},\"inLanguage\":\"pl-PL\",\"potentialAction\":[{\"@type\":\"ReadAction\",\"target\":[\"https:\/\/aglen.pl\/?page_id=62\"]}]},{\"@type\":\"BreadcrumbList\",\"@id\":\"https:\/\/aglen.pl\/?page_id=62#breadcrumb\",\"itemListElement\":[{\"@type\":\"ListItem\",\"position\":1,\"name\":\"Home\",\"item\":\"https:\/\/aglen.pl\/\"},{\"@type\":\"ListItem\",\"position\":2,\"name\":\"Rzeczoznawstwo\"}]},{\"@type\":\"WebSite\",\"@id\":\"https:\/\/aglen.pl\/#website\",\"url\":\"https:\/\/aglen.pl\/\",\"name\":\"Aglen - Tw\u00f3j Elektryk Rzeczoznawca\",\"description\":\"\",\"publisher\":{\"@id\":\"https:\/\/aglen.pl\/#organization\"},\"potentialAction\":[{\"@type\":\"SearchAction\",\"target\":{\"@type\":\"EntryPoint\",\"urlTemplate\":\"https:\/\/aglen.pl\/?s={search_term_string}\"},\"query-input\":\"required name=search_term_string\"}],\"inLanguage\":\"pl-PL\"},{\"@type\":\"Organization\",\"@id\":\"https:\/\/aglen.pl\/#organization\",\"name\":\"Aglen - Tw\u00f3j Elektryk Rzeczoznawca\",\"url\":\"https:\/\/aglen.pl\/\",\"logo\":{\"@type\":\"ImageObject\",\"inLanguage\":\"pl-PL\",\"@id\":\"https:\/\/aglen.pl\/#\/schema\/logo\/image\/\",\"url\":\"https:\/\/aglen.pl\/wp-content\/uploads\/2023\/03\/cropped-logo-aglen-5-e1678039442695.png\",\"contentUrl\":\"https:\/\/aglen.pl\/wp-content\/uploads\/2023\/03\/cropped-logo-aglen-5-e1678039442695.png\",\"width\":879,\"height\":437,\"caption\":\"Aglen - Tw\u00f3j Elektryk Rzeczoznawca\"},\"image\":{\"@id\":\"https:\/\/aglen.pl\/#\/schema\/logo\/image\/\"}}]}<\/script>\n<!-- \/ Yoast SEO plugin. -->","yoast_head_json":{"title":"Rzeczoznawstwo - Aglen - Tw\u00f3j Elektryk Rzeczoznawca","robots":{"index":"index","follow":"follow","max-snippet":"max-snippet:-1","max-image-preview":"max-image-preview:large","max-video-preview":"max-video-preview:-1"},"canonical":"https:\/\/aglen.pl\/?page_id=62","og_locale":"pl_PL","og_type":"article","og_title":"Rzeczoznawstwo - Aglen - Tw\u00f3j Elektryk Rzeczoznawca","og_description":"Jestem ekspertem w obszarze instalacji elektrycznych i niskonapi\u0119ciowych.Cz\u0142onkiem, a zarazem Rzeczoznawc\u0105&nbsp;Stowarzyszenia Normatyw oraz Wojew\u00f3dzkiego Inspektoratu Inspekcji Handlowej w swojej specjalizacji.Je\u017celi chcia\u0142by\u015b&nbsp;wiedzie\u0107&nbsp;czy prace w zakresie wewn\u0119trznych i zewn\u0119trznych instalacji elektrycznych w budynkach mieszkalnych i u\u017cyteczno\u015bci publicznej, instalacji odgromowej jak i instalacji o\u015bwietlenia awaryjnego, s\u0105&nbsp;zgodne z obowi\u0105zuj\u0105cymi normami to dobrze trafi\u0142e\u015b.Ch\u0119tnie pomog\u0119&nbsp;wykonawc\u0105&nbsp;jak i inwestorom w rozwi\u0105zywaniu problem\u00f3w [&hellip;]","og_url":"https:\/\/aglen.pl\/?page_id=62","og_site_name":"Aglen - Tw\u00f3j Elektryk Rzeczoznawca","article_modified_time":"2023-03-14T08:39:23+00:00","og_image":[{"url":"http:\/\/aglen.pl\/wp-content\/uploads\/2023\/03\/tel-150x150.png"}],"twitter_card":"summary_large_image","twitter_misc":{"Szacowany czas czytania":"2 minuty"},"schema":{"@context":"https:\/\/schema.org","@graph":[{"@type":"WebPage","@id":"https:\/\/aglen.pl\/?page_id=62","url":"https:\/\/aglen.pl\/?page_id=62","name":"Rzeczoznawstwo - Aglen - Tw\u00f3j Elektryk Rzeczoznawca","isPartOf":{"@id":"https:\/\/aglen.pl\/#website"},"datePublished":"2023-03-05T17:32:06+00:00","dateModified":"2023-03-14T08:39:23+00:00","breadcrumb":{"@id":"https:\/\/aglen.pl\/?page_id=62#breadcrumb"},"inLanguage":"pl-PL","potentialAction":[{"@type":"ReadAction","target":["https:\/\/aglen.pl\/?page_id=62"]}]},{"@type":"BreadcrumbList","@id":"https:\/\/aglen.pl\/?page_id=62#breadcrumb","itemListElement":[{"@type":"ListItem","position":1,"name":"Home","item":"https:\/\/aglen.pl\/"},{"@type":"ListItem","position":2,"name":"Rzeczoznawstwo"}]},{"@type":"WebSite","@id":"https:\/\/aglen.pl\/#website","url":"https:\/\/aglen.pl\/","name":"Aglen - Tw\u00f3j Elektryk Rzeczoznawca","description":"","publisher":{"@id":"https:\/\/aglen.pl\/#organization"},"potentialAction":[{"@type":"SearchAction","target":{"@type":"EntryPoint","urlTemplate":"https:\/\/aglen.pl\/?s={search_term_string}"},"query-input":"required name=search_term_string"}],"inLanguage":"pl-PL"},{"@type":"Organization","@id":"https:\/\/aglen.pl\/#organization","name":"Aglen - Tw\u00f3j Elektryk Rzeczoznawca","url":"https:\/\/aglen.pl\/","logo":{"@type":"ImageObject","inLanguage":"pl-PL","@id":"https:\/\/aglen.pl\/#\/schema\/logo\/image\/","url":"https:\/\/aglen.pl\/wp-content\/uploads\/2023\/03\/cropped-logo-aglen-5-e1678039442695.png","contentUrl":"https:\/\/aglen.pl\/wp-content\/uploads\/2023\/03\/cropped-logo-aglen-5-e1678039442695.png","width":879,"height":437,"caption":"Aglen - Tw\u00f3j Elektryk Rzeczoznawca"},"image":{"@id":"https:\/\/aglen.pl\/#\/schema\/logo\/image\/"}}]}},"_links":{"self":[{"href":"https:\/\/aglen.pl\/index.php?rest_route=\/wp\/v2\/pages\/62","targetHints":{"allow":["GET"]}}],"collection":[{"href":"https:\/\/aglen.pl\/index.php?rest_route=\/wp\/v2\/pages"}],"about":[{"href":"https:\/\/aglen.pl\/index.php?rest_route=\/wp\/v2\/types\/page"}],"author":[{"embeddable":true,"href":"https:\/\/aglen.pl\/index.php?rest_route=\/wp\/v2\/users\/1"}],"replies":[{"embeddable":true,"href":"https:\/\/aglen.pl\/index.php?rest_route=%2Fwp%2Fv2%2Fcomments&post=62"}],"version-history":[{"count":31,"href":"https:\/\/aglen.pl\/index.php?rest_route=\/wp\/v2\/pages\/62\/revisions"}],"predecessor-version":[{"id":130,"href":"https:\/\/aglen.pl\/index.php?rest_route=\/wp\/v2\/pages\/62\/revisions\/130"}],"wp:attachment":[{"href":"https:\/\/aglen.pl\/index.php?rest_route=%2Fwp%2Fv2%2Fmedia&parent=62"}],"curies":[{"name":"wp","href":"https:\/\/api.w.org\/{rel}","templated":true}]}}